{"id":32,"date":"2025-02-25T16:31:47","date_gmt":"2025-02-25T15:31:47","guid":{"rendered":"https:\/\/nextstepcameroon.com\/?page_id=32"},"modified":"2025-03-25T13:45:58","modified_gmt":"2025-03-25T12:45:58","slug":"contact-nextstep-conseil-formation","status":"publish","type":"page","link":"https:\/\/nextstepcameroon.com\/index.php\/contact-nextstep-conseil-formation\/","title":{"rendered":"Contact"},"content":{"rendered":"\n[et_pb_section fb_built=\u00a0\u00bb1&Prime; fullwidth=\u00a0\u00bbon\u00a0\u00bb _builder_version=\u00a0\u00bb4.24.2&Prime; _module_preset=\u00a0\u00bbdefault\u00a0\u00bb global_colors_info=\u00a0\u00bb{}\u00a0\u00bb][et_pb_fullwidth_code _builder_version=\u00a0\u00bb4.24.2&Prime; _module_preset=\u00a0\u00bbdefault\u00a0\u00bb global_colors_info=\u00a0\u00bb{}\u00a0\u00bb][\/et_pb_fullwidth_code][\/et_pb_section][et_pb_section fb_built=\u00a0\u00bb1&Prime; _builder_version=\u00a0\u00bb4.24.2&Prime; _module_preset=\u00a0\u00bbdefault\u00a0\u00bb global_colors_info=\u00a0\u00bb{}\u00a0\u00bb][et_pb_row _builder_version=\u00a0\u00bb4.24.2&Prime; _module_preset=\u00a0\u00bbdefault\u00a0\u00bb background_enable_image=\u00a0\u00bboff\u00a0\u00bb background_size=\u00a0\u00bbcontain\u00a0\u00bb background_position=\u00a0\u00bbcenter_right\u00a0\u00bb background_horizontal_offset=\u00a0\u00bb37%\u00a0\u00bb max_width=\u00a0\u00bb1920px\u00a0\u00bb animation_style=\u00a0\u00bbslide\u00a0\u00bb animation_duration=\u00a0\u00bb1500ms\u00a0\u00bb animation_delay=\u00a0\u00bb200ms\u00a0\u00bb animation_intensity_slide=\u00a0\u00bb60%\u00a0\u00bb background_last_edited=\u00a0\u00bbon|phone\u00a0\u00bb background_size_phone=\u00a0\u00bbcontain\u00a0\u00bb background_image_height_phone=\u00a0\u00bb0%\u00a0\u00bb background_horizontal_offset_tablet=\u00a0\u00bb27%\u00a0\u00bb background_horizontal_offset_phone=\u00a0\u00bb-7%\u00a0\u00bb global_colors_info=\u00a0\u00bb{}\u00a0\u00bb][et_pb_column type=\u00a0\u00bb4_4&Prime; _builder_version=\u00a0\u00bb4.24.2&Prime; _module_preset=\u00a0\u00bbdefault\u00a0\u00bb global_colors_info=\u00a0\u00bb{}\u00a0\u00bb][et_pb_text _builder_version=\u00a0\u00bb4.24.2&Prime; _module_preset=\u00a0\u00bbdefault\u00a0\u00bb text_font=\u00a0\u00bb|300|||||||\u00a0\u00bb text_text_color=\u00a0\u00bb#003366&Prime; text_font_size=\u00a0\u00bb35px\u00a0\u00bb text_orientation=\u00a0\u00bbcenter\u00a0\u00bb global_colors_info=\u00a0\u00bb{}\u00a0\u00bb]<p>Nous contacter <img loading=\"lazy\" decoding=\"async\" src=\"https:\/\/nextstepcameroon.com\/wp-content\/uploads\/2025\/03\/Red_Arrow_Clipart_Hd_PNG__Arrows_Play_Red_Arrow__Arrow_Png__Red_Arrow_Png__Curved_Arrow_Png_PNG_Image_For_Free_Download-removebg-preview.png\" width=\"50\" height=\"50\" alt=\"Next Step Logo\" style=\"vertical-align: middle; display: inline-block; margin-left: -8px;\" \/><\/p>[\/et_pb_text][\/et_pb_column][\/et_pb_row][et_pb_row _builder_version=\u00a0\u00bb4.24.2&Prime; _module_preset=\u00a0\u00bbdefault\u00a0\u00bb global_colors_info=\u00a0\u00bb{}\u00a0\u00bb][et_pb_column type=\u00a0\u00bb4_4&Prime; _builder_version=\u00a0\u00bb4.24.2&Prime; _module_preset=\u00a0\u00bbdefault\u00a0\u00bb global_colors_info=\u00a0\u00bb{}\u00a0\u00bb][et_pb_text _builder_version=\u00a0\u00bb4.24.2&Prime; _module_preset=\u00a0\u00bbdefault\u00a0\u00bb text_font_size=\u00a0\u00bb15px\u00a0\u00bb text_line_height=\u00a0\u00bb1.8em\u00a0\u00bb text_orientation=\u00a0\u00bbcenter\u00a0\u00bb animation_style=\u00a0\u00bbbounce\u00a0\u00bb animation_duration=\u00a0\u00bb1500ms\u00a0\u00bb animation_starting_opacity=\u00a0\u00bb50%\u00a0\u00bb global_colors_info=\u00a0\u00bb{}\u00a0\u00bb]<p data-start=\"288\" data-end=\"566\">Nous nous engageons \u00e0 r\u00e9pondre \u00e0 vos besoins avec professionnalisme et r\u00e9activit\u00e9,\u00a0<strong data-start=\"568\" data-end=\"634\" data-is-last-node=\"\">Faites le premier pas vers l&rsquo;optimisation de vos performances.<\/strong><\/p>[\/et_pb_text][\/et_pb_column][\/et_pb_row][et_pb_row column_structure=\u00a0\u00bb1_2,1_2&Prime; _builder_version=\u00a0\u00bb4.24.2&Prime; _module_preset=\u00a0\u00bbdefault\u00a0\u00bb global_colors_info=\u00a0\u00bb{}\u00a0\u00bb][et_pb_column type=\u00a0\u00bb1_2&Prime; _builder_version=\u00a0\u00bb4.24.2&Prime; _module_preset=\u00a0\u00bbdefault\u00a0\u00bb global_colors_info=\u00a0\u00bb{}\u00a0\u00bb][et_pb_code _builder_version=\u00a0\u00bb4.24.2&Prime; _module_preset=\u00a0\u00bbdefault\u00a0\u00bb animation_style=\u00a0\u00bbslide\u00a0\u00bb animation_direction=\u00a0\u00bbleft\u00a0\u00bb animation_duration=\u00a0\u00bb1500ms\u00a0\u00bb animation_intensity_slide=\u00a0\u00bb70%\u00a0\u00bb global_colors_info=\u00a0\u00bb{}\u00a0\u00bb]<div class=\"forminator-ui forminator-custom-form forminator-custom-form-274 forminator-design--flat  forminator_ajax\" data-forminator-render=\"0\" data-form=\"forminator-module-274\" data-uid=\"69e1a5a36b385\"><br\/><\/div><form\n\t\t\t\tid=\"forminator-module-274\"\n\t\t\t\tclass=\"forminator-ui forminator-custom-form forminator-custom-form-274 forminator-design--flat  forminator_ajax\"\n\t\t\t\tmethod=\"post\"\n\t\t\t\tdata-forminator-render=\"0\"\n\t\t\t\tdata-form-id=\"274\"\n\t\t\t\t data-color-option=\"default\" data-design=\"flat\" data-grid=\"open\" style=\"display: none;\"\n\t\t\t\tdata-uid=\"69e1a5a36b385\"\n\t\t\t><div role=\"alert\" aria-live=\"polite\" class=\"forminator-response-message forminator-error\" aria-hidden=\"true\"><\/div><div class=\"forminator-row\"><div id=\"name-1\" class=\"forminator-field-name forminator-col forminator-col-6 \"><div class=\"forminator-field\"><label for=\"forminator-field-name-1_69e1a5a36b385\" id=\"forminator-field-name-1_69e1a5a36b385-label\" class=\"forminator-label\">Nom<\/label><input type=\"text\" name=\"name-1\" value=\"\" placeholder=\"votre nom...\" id=\"forminator-field-name-1_69e1a5a36b385\" class=\"forminator-input forminator-name--field\" aria-required=\"false\" autocomplete=\"name\" \/><\/div><\/div><div id=\"name-2\" class=\"forminator-field-name forminator-col forminator-col-6 \"><div class=\"forminator-field\"><label for=\"forminator-field-name-2_69e1a5a36b385\" id=\"forminator-field-name-2_69e1a5a36b385-label\" class=\"forminator-label\">Pr\u00e9nom<\/label><input type=\"text\" name=\"name-2\" value=\"\" placeholder=\"votre pr\u00e9nom...\" id=\"forminator-field-name-2_69e1a5a36b385\" class=\"forminator-input forminator-name--field\" aria-required=\"false\" autocomplete=\"name\" \/><\/div><\/div><\/div><div class=\"forminator-row\"><div id=\"email-1\" class=\"forminator-field-email forminator-col forminator-col-12 \"><div class=\"forminator-field\"><label for=\"forminator-field-email-1_69e1a5a36b385\" id=\"forminator-field-email-1_69e1a5a36b385-label\" class=\"forminator-label\">E-mail <span class=\"forminator-required\">*<\/span><\/label><input type=\"email\" name=\"email-1\" value=\"\" placeholder=\"Votre e-mail...\" id=\"forminator-field-email-1_69e1a5a36b385\" class=\"forminator-input forminator-email--field\" data-required=\"true\" aria-required=\"true\" autocomplete=\"email\" \/><\/div><\/div><\/div><div class=\"forminator-row\"><div id=\"phone-1\" class=\"forminator-field-phone forminator-col forminator-col-12 \"><div class=\"forminator-field\"><label for=\"forminator-field-phone-1_69e1a5a36b385\" id=\"forminator-field-phone-1_69e1a5a36b385-label\" class=\"forminator-label\">Tel <span class=\"forminator-required\">*<\/span><\/label><input type=\"text\" name=\"phone-1\" value=\"\" placeholder=\"votre num\u00e9ro...\" id=\"forminator-field-phone-1_69e1a5a36b385\" class=\"forminator-input forminator-field--phone\" data-required=\"1\" aria-required=\"true\" autocomplete=\"off\" \/><\/div><\/div><\/div><div class=\"forminator-row\"><div id=\"textarea-1\" class=\"forminator-field-textarea forminator-col forminator-col-12 \"><div class=\"forminator-field\"><label for=\"forminator-field-textarea-1_69e1a5a36b385\" id=\"forminator-field-textarea-1_69e1a5a36b385-label\" class=\"forminator-label\">Message<\/label><textarea name=\"textarea-1\" placeholder=\"Laisser un message...\" id=\"forminator-field-textarea-1_69e1a5a36b385\" class=\"forminator-textarea\" rows=\"6\" style=\"min-height:140px;\" maxlength=\"180\" ><\/textarea><span id=\"forminator-field-textarea-1_69e1a5a36b385-description\" class=\"forminator-description\"><span data-limit=\"180\" data-type=\"characters\" data-editor=\"\">0 \/ 180<\/span><\/span><\/div><\/div><\/div><div class=\"forminator-row\"><div id=\"captcha-1\" class=\"forminator-field-captcha forminator-col forminator-col-12 \"><div class=\"forminator-captcha-left forminator-g-recaptcha\" data-theme=\"light\"  data-sitekey=\"6LecU_UqAAAAAN8ORq40-wbeh5GPB4BUicP-EcF4\" data-size=\"normal\"><\/div> <\/div><\/div><input type=\"hidden\" name=\"referer_url\" value=\"\" \/><div class=\"forminator-row forminator-row-last\"><div class=\"forminator-col\"><div class=\"forminator-field\"><button class=\"forminator-button forminator-button-submit\">envoyer<\/button><\/div><\/div><\/div><input type=\"hidden\" id=\"forminator_nonce\" name=\"forminator_nonce\" value=\"5d831a1563\" \/><input type=\"hidden\" name=\"_wp_http_referer\" value=\"\/index.php\/wp-json\/wp\/v2\/pages\/32\" \/><input type=\"hidden\" name=\"form_id\" value=\"274\"><input type=\"hidden\" name=\"page_id\" value=\"32\"><input type=\"hidden\" name=\"form_type\" value=\"default\"><input type=\"hidden\" name=\"current_url\" value=\"https:\/\/nextstepcameroon.com\/index.php\/contact-nextstep-conseil-formation\/\"><input type=\"hidden\" name=\"render_id\" value=\"0\"><input type=\"hidden\" name=\"action\" value=\"forminator_submit_form_custom-forms\"><\/form>[\/et_pb_code][\/et_pb_column][et_pb_column type=\u00a0\u00bb1_2&Prime; _builder_version=\u00a0\u00bb4.24.2&Prime; _module_preset=\u00a0\u00bbdefault\u00a0\u00bb global_colors_info=\u00a0\u00bb{}\u00a0\u00bb][et_pb_code _builder_version=\u00a0\u00bb4.24.2&Prime; _module_preset=\u00a0\u00bbdefault\u00a0\u00bb animation_style=\u00a0\u00bbslide\u00a0\u00bb animation_direction=\u00a0\u00bbright\u00a0\u00bb animation_duration=\u00a0\u00bb1500ms\u00a0\u00bb animation_intensity_slide=\u00a0\u00bb70%\u00a0\u00bb hover_enabled=\u00a0\u00bb0&Prime; global_colors_info=\u00a0\u00bb{}\u00a0\u00bb sticky_enabled=\u00a0\u00bb0&Prime;]<iframe <!-- [et_pb_line_break_holder] -->    src=\u00a0\u00bbhttps:\/\/www.google.com\/maps\/embed?pb=!1m18!1m12!1m3!1d3979.871283426217!2d9.697167!3d4.049556!2m3!1f0!2f0!3f0!3m2!1i1024!2i768!4f13.1!3m3!1m2!1s0x0%3A0x0!2zNMKwMDInNTguNCJOIDnCsDQxJzQ5LjgiRQ!5e0!3m2!1sen!2scm!4v1683645164980!5m2!1sen!2scm\u00a0\u00bb <!-- [et_pb_line_break_holder] -->    width=\u00a0\u00bb1800&Prime; <!-- [et_pb_line_break_holder] -->    height=\u00a0\u00bb450&Prime; <!-- [et_pb_line_break_holder] -->    style=\u00a0\u00bbborder:0;\u00a0\u00bb <!-- [et_pb_line_break_holder] -->    allowfullscreen=\u00a0\u00bb\u00a0\u00bb <!-- [et_pb_line_break_holder] -->    loading=\u00a0\u00bblazy\u00a0\u00bb <!-- [et_pb_line_break_holder] -->    referrerpolicy=\u00a0\u00bbno-referrer-when-downgrade\u00a0\u00bb><!-- [et_pb_line_break_holder] --><\/iframe><!-- [et_pb_line_break_holder] -->[\/et_pb_code][\/et_pb_column][\/et_pb_row][\/et_pb_section]\n","protected":false},"excerpt":{"rendered":"<p>Nous contacter Nous nous engageons \u00e0 r\u00e9pondre \u00e0 vos besoins avec professionnalisme et r\u00e9activit\u00e9,\u00a0Faites le premier pas vers l&rsquo;optimisation de vos performances.<div class=\"forminator-ui forminator-custom-form forminator-custom-form-274 forminator-design--flat  forminator_ajax\" data-forminator-render=\"1\" data-form=\"forminator-module-274\" data-uid=\"69e1a5a37dd22\"><br\/><\/div><form\n\t\t\t\tid=\"forminator-module-274\"\n\t\t\t\tclass=\"forminator-ui forminator-custom-form forminator-custom-form-274 forminator-design--flat  forminator_ajax\"\n\t\t\t\tmethod=\"post\"\n\t\t\t\tdata-forminator-render=\"1\"\n\t\t\t\tdata-form-id=\"274\"\n\t\t\t\t data-color-option=\"default\" data-design=\"flat\" data-grid=\"open\" style=\"display: none;\"\n\t\t\t\tdata-uid=\"69e1a5a37dd22\"\n\t\t\t><div role=\"alert\" aria-live=\"polite\" class=\"forminator-response-message forminator-error\" aria-hidden=\"true\"><\/div><div class=\"forminator-row\"><div id=\"name-1\" class=\"forminator-field-name forminator-col forminator-col-6 \"><div class=\"forminator-field\"><label for=\"forminator-field-name-1_69e1a5a37dd22\" id=\"forminator-field-name-1_69e1a5a37dd22-label\" class=\"forminator-label\">Nom<\/label><input type=\"text\" name=\"name-1\" value=\"\" placeholder=\"votre nom...\" id=\"forminator-field-name-1_69e1a5a37dd22\" class=\"forminator-input forminator-name--field\" aria-required=\"false\" autocomplete=\"name\" \/><\/div><\/div><div id=\"name-2\" class=\"forminator-field-name forminator-col forminator-col-6 \"><div class=\"forminator-field\"><label for=\"forminator-field-name-2_69e1a5a37dd22\" id=\"forminator-field-name-2_69e1a5a37dd22-label\" class=\"forminator-label\">Pr\u00e9nom<\/label><input type=\"text\" name=\"name-2\" value=\"\" placeholder=\"votre pr\u00e9nom...\" id=\"forminator-field-name-2_69e1a5a37dd22\" class=\"forminator-input forminator-name--field\" aria-required=\"false\" autocomplete=\"name\" \/><\/div><\/div><\/div><div class=\"forminator-row\"><div id=\"email-1\" class=\"forminator-field-email forminator-col forminator-col-12 \"><div class=\"forminator-field\"><label for=\"forminator-field-email-1_69e1a5a37dd22\" id=\"forminator-field-email-1_69e1a5a37dd22-label\" class=\"forminator-label\">E-mail <span class=\"forminator-required\">*<\/span><\/label><input type=\"email\" name=\"email-1\" value=\"\" placeholder=\"Votre e-mail...\" id=\"forminator-field-email-1_69e1a5a37dd22\" class=\"forminator-input forminator-email--field\" data-required=\"true\" aria-required=\"true\" autocomplete=\"email\" \/><\/div><\/div><\/div><div class=\"forminator-row\"><div id=\"phone-1\" class=\"forminator-field-phone forminator-col forminator-col-12 \"><div class=\"forminator-field\"><label for=\"forminator-field-phone-1_69e1a5a37dd22\" id=\"forminator-field-phone-1_69e1a5a37dd22-label\" class=\"forminator-label\">Tel <span class=\"forminator-required\">*<\/span><\/label><input type=\"text\" name=\"phone-1\" value=\"\" placeholder=\"votre num\u00e9ro...\" id=\"forminator-field-phone-1_69e1a5a37dd22\" class=\"forminator-input forminator-field--phone\" data-required=\"1\" aria-required=\"true\" autocomplete=\"off\" \/><\/div><\/div><\/div><div class=\"forminator-row\"><div id=\"textarea-1\" class=\"forminator-field-textarea forminator-col forminator-col-12 \"><div class=\"forminator-field\"><label for=\"forminator-field-textarea-1_69e1a5a37dd22\" id=\"forminator-field-textarea-1_69e1a5a37dd22-label\" class=\"forminator-label\">Message<\/label><textarea name=\"textarea-1\" placeholder=\"Laisser un message...\" id=\"forminator-field-textarea-1_69e1a5a37dd22\" class=\"forminator-textarea\" rows=\"6\" style=\"min-height:140px;\" maxlength=\"180\" ><\/textarea><span id=\"forminator-field-textarea-1_69e1a5a37dd22-description\" class=\"forminator-description\"><span data-limit=\"180\" data-type=\"characters\" data-editor=\"\">0 \/ 180<\/span><\/span><\/div><\/div><\/div><div class=\"forminator-row\"><div id=\"captcha-1\" class=\"forminator-field-captcha forminator-col forminator-col-12 \"><div class=\"forminator-captcha-left forminator-g-recaptcha\" data-theme=\"light\"  data-sitekey=\"6LecU_UqAAAAAN8ORq40-wbeh5GPB4BUicP-EcF4\" data-size=\"normal\"><\/div> <\/div><\/div><input type=\"hidden\" name=\"referer_url\" value=\"\" \/><div class=\"forminator-row forminator-row-last\"><div class=\"forminator-col\"><div class=\"forminator-field\"><button class=\"forminator-button forminator-button-submit\">envoyer<\/button><\/div><\/div><\/div><input type=\"hidden\" id=\"forminator_nonce\" name=\"forminator_nonce\" value=\"5d831a1563\" \/><input type=\"hidden\" name=\"_wp_http_referer\" value=\"\/index.php\/wp-json\/wp\/v2\/pages\/32\" \/><input type=\"hidden\" name=\"form_id\" value=\"274\"><input type=\"hidden\" name=\"page_id\" value=\"32\"><input type=\"hidden\" name=\"form_type\" value=\"default\"><input type=\"hidden\" name=\"current_url\" value=\"https:\/\/nextstepcameroon.com\/index.php\/contact-nextstep-conseil-formation\/\"><input type=\"hidden\" name=\"render_id\" value=\"1\"><input type=\"hidden\" name=\"action\" value=\"forminator_submit_form_custom-forms\"><\/form><\/p>\n","protected":false},"author":1,"featured_media":0,"parent":0,"menu_order":0,"comment_status":"closed","ping_status":"closed","template":"","meta":{"_et_pb_use_builder":"on","_et_pb_old_content":"<!-- wp:divi\/placeholder \/-->","_et_gb_content_width":"","footnotes":""},"class_list":["post-32","page","type-page","status-publish","hentry"],"yoast_head":"<!-- This site is optimized with the Yoast SEO plugin v26.5 - https:\/\/yoast.com\/wordpress\/plugins\/seo\/ -->\n<title>Contactez NextStep \u2013 Expertise en Conseil &amp; Formation<\/title>\n<meta name=\"description\" content=\"Pr\u00eat \u00e0 booster votre entreprise ? Contactez NextStep pour des solutions sur mesure en formation, coaching et strat\u00e9gie commerciale. Demandez un devis d\u00e8s maintenant\" \/>\n<meta name=\"robots\" content=\"index, follow, max-snippet:-1, max-image-preview:large, max-video-preview:-1\" \/>\n<link rel=\"canonical\" href=\"https:\/\/nextstepcameroon.com\/index.php\/contact-nextstep-conseil-formation\/\" \/>\n<meta property=\"og:locale\" content=\"fr_FR\" \/>\n<meta property=\"og:type\" content=\"article\" \/>\n<meta property=\"og:title\" content=\"Contactez NextStep \u2013 Expertise en Conseil &amp; Formation\" \/>\n<meta property=\"og:description\" content=\"Pr\u00eat \u00e0 booster votre entreprise ? Contactez NextStep pour des solutions sur mesure en formation, coaching et strat\u00e9gie commerciale. Demandez un devis d\u00e8s maintenant\" \/>\n<meta property=\"og:url\" content=\"https:\/\/nextstepcameroon.com\/index.php\/contact-nextstep-conseil-formation\/\" \/>\n<meta property=\"og:site_name\" content=\"Nextstep\" \/>\n<meta property=\"article:modified_time\" content=\"2025-03-25T12:45:58+00:00\" \/>\n<meta property=\"og:image\" content=\"https:\/\/nextstepcameroon.com\/wp-content\/uploads\/2025\/03\/Red_Arrow_Clipart_Hd_PNG__Arrows_Play_Red_Arrow__Arrow_Png__Red_Arrow_Png__Curved_Arrow_Png_PNG_Image_For_Free_Download-removebg-preview.png\" \/>\n<meta name=\"twitter:card\" content=\"summary_large_image\" \/>\n<meta name=\"twitter:label1\" content=\"Dur\u00e9e de lecture estim\u00e9e\" \/>\n\t<meta name=\"twitter:data1\" content=\"1 minute\" \/>\n<script type=\"application\/ld+json\" class=\"yoast-schema-graph\">{\"@context\":\"https:\/\/schema.org\",\"@graph\":[{\"@type\":\"WebPage\",\"@id\":\"https:\/\/nextstepcameroon.com\/index.php\/contact-nextstep-conseil-formation\/\",\"url\":\"https:\/\/nextstepcameroon.com\/index.php\/contact-nextstep-conseil-formation\/\",\"name\":\"Contactez NextStep \u2013 Expertise en Conseil & Formation\",\"isPartOf\":{\"@id\":\"https:\/\/nextstepcameroon.com\/#website\"},\"primaryImageOfPage\":{\"@id\":\"https:\/\/nextstepcameroon.com\/index.php\/contact-nextstep-conseil-formation\/#primaryimage\"},\"image\":{\"@id\":\"https:\/\/nextstepcameroon.com\/index.php\/contact-nextstep-conseil-formation\/#primaryimage\"},\"thumbnailUrl\":\"https:\/\/nextstepcameroon.com\/wp-content\/uploads\/2025\/03\/Red_Arrow_Clipart_Hd_PNG__Arrows_Play_Red_Arrow__Arrow_Png__Red_Arrow_Png__Curved_Arrow_Png_PNG_Image_For_Free_Download-removebg-preview.png\",\"datePublished\":\"2025-02-25T15:31:47+00:00\",\"dateModified\":\"2025-03-25T12:45:58+00:00\",\"description\":\"Pr\u00eat \u00e0 booster votre entreprise ? Contactez NextStep pour des solutions sur mesure en formation, coaching et strat\u00e9gie commerciale. Demandez un devis d\u00e8s maintenant\",\"breadcrumb\":{\"@id\":\"https:\/\/nextstepcameroon.com\/index.php\/contact-nextstep-conseil-formation\/#breadcrumb\"},\"inLanguage\":\"fr-FR\",\"potentialAction\":[{\"@type\":\"ReadAction\",\"target\":[\"https:\/\/nextstepcameroon.com\/index.php\/contact-nextstep-conseil-formation\/\"]}]},{\"@type\":\"ImageObject\",\"inLanguage\":\"fr-FR\",\"@id\":\"https:\/\/nextstepcameroon.com\/index.php\/contact-nextstep-conseil-formation\/#primaryimage\",\"url\":\"https:\/\/nextstepcameroon.com\/wp-content\/uploads\/2025\/03\/Red_Arrow_Clipart_Hd_PNG__Arrows_Play_Red_Arrow__Arrow_Png__Red_Arrow_Png__Curved_Arrow_Png_PNG_Image_For_Free_Download-removebg-preview.png\",\"contentUrl\":\"https:\/\/nextstepcameroon.com\/wp-content\/uploads\/2025\/03\/Red_Arrow_Clipart_Hd_PNG__Arrows_Play_Red_Arrow__Arrow_Png__Red_Arrow_Png__Curved_Arrow_Png_PNG_Image_For_Free_Download-removebg-preview.png\",\"width\":360,\"height\":360},{\"@type\":\"BreadcrumbList\",\"@id\":\"https:\/\/nextstepcameroon.com\/index.php\/contact-nextstep-conseil-formation\/#breadcrumb\",\"itemListElement\":[{\"@type\":\"ListItem\",\"position\":1,\"name\":\"Accueil\",\"item\":\"https:\/\/nextstepcameroon.com\/\"},{\"@type\":\"ListItem\",\"position\":2,\"name\":\"Contact\"}]},{\"@type\":\"WebSite\",\"@id\":\"https:\/\/nextstepcameroon.com\/#website\",\"url\":\"https:\/\/nextstepcameroon.com\/\",\"name\":\"Nextstep\",\"description\":\"Transformez vos ambitions en r\u00e9ussites\",\"potentialAction\":[{\"@type\":\"SearchAction\",\"target\":{\"@type\":\"EntryPoint\",\"urlTemplate\":\"https:\/\/nextstepcameroon.com\/?s={search_term_string}\"},\"query-input\":{\"@type\":\"PropertyValueSpecification\",\"valueRequired\":true,\"valueName\":\"search_term_string\"}}],\"inLanguage\":\"fr-FR\"}]}<\/script>\n<!-- \/ Yoast SEO plugin. -->","yoast_head_json":{"title":"Contactez NextStep \u2013 Expertise en Conseil & Formation","description":"Pr\u00eat \u00e0 booster votre entreprise ? Contactez NextStep pour des solutions sur mesure en formation, coaching et strat\u00e9gie commerciale. Demandez un devis d\u00e8s maintenant","robots":{"index":"index","follow":"follow","max-snippet":"max-snippet:-1","max-image-preview":"max-image-preview:large","max-video-preview":"max-video-preview:-1"},"canonical":"https:\/\/nextstepcameroon.com\/index.php\/contact-nextstep-conseil-formation\/","og_locale":"fr_FR","og_type":"article","og_title":"Contactez NextStep \u2013 Expertise en Conseil & Formation","og_description":"Pr\u00eat \u00e0 booster votre entreprise ? Contactez NextStep pour des solutions sur mesure en formation, coaching et strat\u00e9gie commerciale. Demandez un devis d\u00e8s maintenant","og_url":"https:\/\/nextstepcameroon.com\/index.php\/contact-nextstep-conseil-formation\/","og_site_name":"Nextstep","article_modified_time":"2025-03-25T12:45:58+00:00","og_image":[{"url":"https:\/\/nextstepcameroon.com\/wp-content\/uploads\/2025\/03\/Red_Arrow_Clipart_Hd_PNG__Arrows_Play_Red_Arrow__Arrow_Png__Red_Arrow_Png__Curved_Arrow_Png_PNG_Image_For_Free_Download-removebg-preview.png","type":"","width":"","height":""}],"twitter_card":"summary_large_image","twitter_misc":{"Dur\u00e9e de lecture estim\u00e9e":"1 minute"},"schema":{"@context":"https:\/\/schema.org","@graph":[{"@type":"WebPage","@id":"https:\/\/nextstepcameroon.com\/index.php\/contact-nextstep-conseil-formation\/","url":"https:\/\/nextstepcameroon.com\/index.php\/contact-nextstep-conseil-formation\/","name":"Contactez NextStep \u2013 Expertise en Conseil & Formation","isPartOf":{"@id":"https:\/\/nextstepcameroon.com\/#website"},"primaryImageOfPage":{"@id":"https:\/\/nextstepcameroon.com\/index.php\/contact-nextstep-conseil-formation\/#primaryimage"},"image":{"@id":"https:\/\/nextstepcameroon.com\/index.php\/contact-nextstep-conseil-formation\/#primaryimage"},"thumbnailUrl":"https:\/\/nextstepcameroon.com\/wp-content\/uploads\/2025\/03\/Red_Arrow_Clipart_Hd_PNG__Arrows_Play_Red_Arrow__Arrow_Png__Red_Arrow_Png__Curved_Arrow_Png_PNG_Image_For_Free_Download-removebg-preview.png","datePublished":"2025-02-25T15:31:47+00:00","dateModified":"2025-03-25T12:45:58+00:00","description":"Pr\u00eat \u00e0 booster votre entreprise ? Contactez NextStep pour des solutions sur mesure en formation, coaching et strat\u00e9gie commerciale. Demandez un devis d\u00e8s maintenant","breadcrumb":{"@id":"https:\/\/nextstepcameroon.com\/index.php\/contact-nextstep-conseil-formation\/#breadcrumb"},"inLanguage":"fr-FR","potentialAction":[{"@type":"ReadAction","target":["https:\/\/nextstepcameroon.com\/index.php\/contact-nextstep-conseil-formation\/"]}]},{"@type":"ImageObject","inLanguage":"fr-FR","@id":"https:\/\/nextstepcameroon.com\/index.php\/contact-nextstep-conseil-formation\/#primaryimage","url":"https:\/\/nextstepcameroon.com\/wp-content\/uploads\/2025\/03\/Red_Arrow_Clipart_Hd_PNG__Arrows_Play_Red_Arrow__Arrow_Png__Red_Arrow_Png__Curved_Arrow_Png_PNG_Image_For_Free_Download-removebg-preview.png","contentUrl":"https:\/\/nextstepcameroon.com\/wp-content\/uploads\/2025\/03\/Red_Arrow_Clipart_Hd_PNG__Arrows_Play_Red_Arrow__Arrow_Png__Red_Arrow_Png__Curved_Arrow_Png_PNG_Image_For_Free_Download-removebg-preview.png","width":360,"height":360},{"@type":"BreadcrumbList","@id":"https:\/\/nextstepcameroon.com\/index.php\/contact-nextstep-conseil-formation\/#breadcrumb","itemListElement":[{"@type":"ListItem","position":1,"name":"Accueil","item":"https:\/\/nextstepcameroon.com\/"},{"@type":"ListItem","position":2,"name":"Contact"}]},{"@type":"WebSite","@id":"https:\/\/nextstepcameroon.com\/#website","url":"https:\/\/nextstepcameroon.com\/","name":"Nextstep","description":"Transformez vos ambitions en r\u00e9ussites","potentialAction":[{"@type":"SearchAction","target":{"@type":"EntryPoint","urlTemplate":"https:\/\/nextstepcameroon.com\/?s={search_term_string}"},"query-input":{"@type":"PropertyValueSpecification","valueRequired":true,"valueName":"search_term_string"}}],"inLanguage":"fr-FR"}]}},"_links":{"self":[{"href":"https:\/\/nextstepcameroon.com\/index.php\/wp-json\/wp\/v2\/pages\/32","targetHints":{"allow":["GET"]}}],"collection":[{"href":"https:\/\/nextstepcameroon.com\/index.php\/wp-json\/wp\/v2\/pages"}],"about":[{"href":"https:\/\/nextstepcameroon.com\/index.php\/wp-json\/wp\/v2\/types\/page"}],"author":[{"embeddable":true,"href":"https:\/\/nextstepcameroon.com\/index.php\/wp-json\/wp\/v2\/users\/1"}],"replies":[{"embeddable":true,"href":"https:\/\/nextstepcameroon.com\/index.php\/wp-json\/wp\/v2\/comments?post=32"}],"version-history":[{"count":26,"href":"https:\/\/nextstepcameroon.com\/index.php\/wp-json\/wp\/v2\/pages\/32\/revisions"}],"predecessor-version":[{"id":1062,"href":"https:\/\/nextstepcameroon.com\/index.php\/wp-json\/wp\/v2\/pages\/32\/revisions\/1062"}],"wp:attachment":[{"href":"https:\/\/nextstepcameroon.com\/index.php\/wp-json\/wp\/v2\/media?parent=32"}],"curies":[{"name":"wp","href":"https:\/\/api.w.org\/{rel}","templated":true}]}}